{"id":60,"date":"2020-11-01T20:28:59","date_gmt":"2020-11-01T20:28:59","guid":{"rendered":"https:\/\/jupiterx.artbees.net\/pets-control\/?page_id=60"},"modified":"2024-02-06T09:18:30","modified_gmt":"2024-02-06T08:18:30","slug":"sobre-nosotros","status":"publish","type":"page","link":"https:\/\/marmolesygranitoscencerra.com\/en\/sobre-nosotros\/","title":{"rendered":"Sobre Nosotros"},"content":{"rendered":"<div data-elementor-type=\"wp-page\" data-elementor-id=\"60\" class=\"elementor elementor-60\">\n\t\t\t\t<div class=\"elementor-element elementor-element-1401caa e-flex e-con-boxed e-con e-parent\" data-id=\"1401caa\" data-element_type=\"container\" data-settings=\"{&quot;jet_parallax_layout_list&quot;:[{&quot;jet_parallax_layout_image&quot;:{&quot;url&quot;:&quot;&quot;,&quot;id&quot;:&quot;&quot;,&quot;size&quot;:&quot;&quot;},&quot;_id&quot;:&quot;6d80ac2&quot;,&quot;jet_parallax_layout_image_tablet&quot;:{&quot;url&quot;:&quot;&quot;,&quot;id&quot;:&quot;&quot;,&quot;size&quot;:&quot;&quot;},&quot;jet_parallax_layout_image_mobile&quot;:{&quot;url&quot;:&quot;&quot;,&quot;id&quot;:&quot;&quot;,&quot;size&quot;:&quot;&quot;},&quot;jet_parallax_layout_speed&quot;:{&quot;unit&quot;:&quot;%&quot;,&quot;size&quot;:50,&quot;sizes&quot;:[]},&quot;jet_parallax_layout_type&quot;:&quot;scroll&quot;,&quot;jet_parallax_layout_direction&quot;:null,&quot;jet_parallax_layout_fx_direction&quot;:null,&quot;jet_parallax_layout_z_index&quot;:&quot;&quot;,&quot;jet_parallax_layout_bg_x&quot;:50,&quot;jet_parallax_layout_bg_x_tablet&quot;:&quot;&quot;,&quot;jet_parallax_layout_bg_x_mobile&quot;:&quot;&quot;,&quot;jet_parallax_layout_bg_y&quot;:50,&quot;jet_parallax_layout_bg_y_tablet&quot;:&quot;&quot;,&quot;jet_parallax_layout_bg_y_mobile&quot;:&quot;&quot;,&quot;jet_parallax_layout_bg_size&quot;:&quot;auto&quot;,&quot;jet_parallax_layout_bg_size_tablet&quot;:&quot;&quot;,&quot;jet_parallax_layout_bg_size_mobile&quot;:&quot;&quot;,&quot;jet_parallax_layout_animation_prop&quot;:&quot;transform&quot;,&quot;jet_parallax_layout_on&quot;:[&quot;desktop&quot;,&quot;tablet&quot;]}],&quot;background_background&quot;:&quot;classic&quot;,&quot;content_width&quot;:&quot;boxed&quot;}\" data-core-v316-plus=\"true\">\n\t\t\t\t\t<div class=\"e-con-inner\">\n\t\t<div class=\"elementor-element elementor-element-16721da e-con-full e-flex e-con e-child\" data-id=\"16721da\" data-element_type=\"container\" data-settings=\"{&quot;content_width&quot;:&quot;full&quot;,&quot;jet_parallax_layout_list&quot;:[]}\">\n\t\t\t\t<div class=\"elementor-element elementor-element-5e3efab elementor-widget elementor-widget-heading\" data-id=\"5e3efab\" data-element_type=\"widget\" data-widget_type=\"heading.default\">\n\t\t\t\t<div class=\"elementor-widget-container\">\n\t\t\t<style>\/*! elementor - v3.19.0 - 29-01-2024 *\/\n.elementor-heading-title{padding:0;margin:0;line-height:1}.elementor-widget-heading .elementor-heading-title[class*=elementor-size-]>a{color:inherit;font-size:inherit;line-height:inherit}.elementor-widget-heading .elementor-heading-title.elementor-size-small{font-size:15px}.elementor-widget-heading .elementor-heading-title.elementor-size-medium{font-size:19px}.elementor-widget-heading .elementor-heading-title.elementor-size-large{font-size:29px}.elementor-widget-heading .elementor-heading-title.elementor-size-xl{font-size:39px}.elementor-widget-heading .elementor-heading-title.elementor-size-xxl{font-size:59px}<\/style><h1 class=\"elementor-heading-title elementor-size-default\">Sobre Nosotros<\/h1>\t\t<\/div>\n\t\t\t\t<\/div>\n\t\t\t\t<\/div>\n\t\t\t\t\t<\/div>\n\t\t\t\t<\/div>\n\t\t<div class=\"elementor-element elementor-element-4a276ec e-flex e-con-boxed e-con e-parent\" data-id=\"4a276ec\" data-element_type=\"container\" data-settings=\"{&quot;jet_parallax_layout_list&quot;:[{&quot;jet_parallax_layout_image&quot;:{&quot;url&quot;:&quot;&quot;,&quot;id&quot;:&quot;&quot;,&quot;size&quot;:&quot;&quot;},&quot;_id&quot;:&quot;aff2ff0&quot;,&quot;jet_parallax_layout_image_tablet&quot;:{&quot;url&quot;:&quot;&quot;,&quot;id&quot;:&quot;&quot;,&quot;size&quot;:&quot;&quot;},&quot;jet_parallax_layout_image_mobile&quot;:{&quot;url&quot;:&quot;&quot;,&quot;id&quot;:&quot;&quot;,&quot;size&quot;:&quot;&quot;},&quot;jet_parallax_layout_speed&quot;:{&quot;unit&quot;:&quot;%&quot;,&quot;size&quot;:50,&quot;sizes&quot;:[]},&quot;jet_parallax_layout_type&quot;:&quot;scroll&quot;,&quot;jet_parallax_layout_direction&quot;:null,&quot;jet_parallax_layout_fx_direction&quot;:null,&quot;jet_parallax_layout_z_index&quot;:&quot;&quot;,&quot;jet_parallax_layout_bg_x&quot;:50,&quot;jet_parallax_layout_bg_x_tablet&quot;:&quot;&quot;,&quot;jet_parallax_layout_bg_x_mobile&quot;:&quot;&quot;,&quot;jet_parallax_layout_bg_y&quot;:50,&quot;jet_parallax_layout_bg_y_tablet&quot;:&quot;&quot;,&quot;jet_parallax_layout_bg_y_mobile&quot;:&quot;&quot;,&quot;jet_parallax_layout_bg_size&quot;:&quot;auto&quot;,&quot;jet_parallax_layout_bg_size_tablet&quot;:&quot;&quot;,&quot;jet_parallax_layout_bg_size_mobile&quot;:&quot;&quot;,&quot;jet_parallax_layout_animation_prop&quot;:&quot;transform&quot;,&quot;jet_parallax_layout_on&quot;:[&quot;desktop&quot;,&quot;tablet&quot;]}],&quot;background_background&quot;:&quot;classic&quot;,&quot;content_width&quot;:&quot;boxed&quot;}\" data-core-v316-plus=\"true\">\n\t\t\t\t\t<div class=\"e-con-inner\">\n\t\t<div class=\"elementor-element elementor-element-2006576 e-con-full e-flex e-con e-child\" data-id=\"2006576\" data-element_type=\"container\" data-settings=\"{&quot;content_width&quot;:&quot;full&quot;,&quot;jet_parallax_layout_list&quot;:[]}\">\n\t\t\t\t<div class=\"elementor-element elementor-element-8c78f1c elementor-widget elementor-widget-text-editor\" data-id=\"8c78f1c\" data-element_type=\"widget\" data-widget_type=\"text-editor.default\">\n\t\t\t\t<div class=\"elementor-widget-container\">\n\t\t\t<style>\/*! elementor - v3.19.0 - 29-01-2024 *\/\n.elementor-widget-text-editor.elementor-drop-cap-view-stacked .elementor-drop-cap{background-color:#69727d;color:#fff}.elementor-widget-text-editor.elementor-drop-cap-view-framed .elementor-drop-cap{color:#69727d;border:3px solid;background-color:transparent}.elementor-widget-text-editor:not(.elementor-drop-cap-view-default) .elementor-drop-cap{margin-top:8px}.elementor-widget-text-editor:not(.elementor-drop-cap-view-default) .elementor-drop-cap-letter{width:1em;height:1em}.elementor-widget-text-editor .elementor-drop-cap{float:left;text-align:center;line-height:1;font-size:50px}.elementor-widget-text-editor .elementor-drop-cap-letter{display:inline-block}<\/style>\t\t\t\t<p>En el coraz\u00f3n de \u00c9cija, Sevilla, nace nuestra pasi\u00f3n por transformar hogares en espacios atemporales con la belleza del m\u00e1rmol. Desde nuestros inicios, nos hemos dedicado a la creaci\u00f3n de encimeras, ba\u00f1os y m\u00e1s, fusionando la rica tradici\u00f3n artesanal del m\u00e1rmol con las \u00faltimas tendencias en dise\u00f1o.<\/p><p>Nuestra empresa se erige como un faro de excelencia en el mundo de la piedra natural. Cada pieza que sale de nuestro taller cuenta la historia de dedicaci\u00f3n y pericia que caracteriza a nuestro talentoso equipo. Desde la selecci\u00f3n meticulosa de los bloques de m\u00e1rmol hasta la entrega final, cada paso refleja nuestro compromiso con la calidad y la satisfacci\u00f3n del cliente.<\/p><p>En \u00c9cija, un enclave hist\u00f3rico y cultural, encontramos la inspiraci\u00f3n para nuestros dise\u00f1os. La riqueza arquitect\u00f3nica de la regi\u00f3n impulsa nuestra creatividad, y cada proyecto se convierte en una expresi\u00f3n \u00fanica de la elegancia que define a este hermoso lugar. Nos enorgullece contribuir al enriquecimiento est\u00e9tico de nuestros clientes, no solo creando objetos de piedra, sino tambi\u00e9n moldeando experiencias y transformando espacios en lugares que reflejan el gusto refinado y la atenci\u00f3n al detalle.<\/p><p>Nuestra misi\u00f3n va m\u00e1s all\u00e1 de simplemente ofrecer productos de m\u00e1rmol; aspiramos a ser colaboradores en la creaci\u00f3n de ambientes que cuenten historias, que inspiren y que perduren en el tiempo. Cada proyecto es una oportunidad de fusionar la tradici\u00f3n con la innovaci\u00f3n, buscando siempre la armon\u00eda entre la funcionalidad y la est\u00e9tica.<\/p><p>La localizaci\u00f3n de nuestra empresa en \u00c9cija es fundamental para nuestra identidad. No solo nos enlazamos con la rica historia de la regi\u00f3n, sino que tambi\u00e9n estamos comprometidos con contribuir al desarrollo y la prosperidad local. Creemos en la importancia de preservar las artesan\u00edas locales y enriquecer la comunidad a trav\u00e9s de nuestro arte en m\u00e1rmol. Estamos arraigados en la tierra que nos rodea, y cada proyecto que emprendemos es una oportunidad para honrar y resaltar la belleza de \u00c9cija.<\/p><p>En resumen, somos m\u00e1s que una empresa de m\u00e1rmol; somos artesanos que dan vida a tus visiones. Con \u00c9cija como nuestro hogar y el m\u00e1rmol como nuestra musa, creamos obras maestras que resisten el paso del tiempo y que encarnan la esencia de la elegancia en cada detalle. Juntos, exploramos las posibilidades infinitas del m\u00e1rmol, convirtiendo tus sue\u00f1os en realidades duraderas.<\/p>\t\t\t\t\t\t<\/div>\n\t\t\t\t<\/div>\n\t\t\t\t<\/div>\n\t\t\t\t\t<\/div>\n\t\t\t\t<\/div>\n\t\t<div class=\"elementor-element elementor-element-2f37f10 e-flex e-con-boxed e-con e-parent\" data-id=\"2f37f10\" data-element_type=\"container\" data-settings=\"{&quot;jet_parallax_layout_list&quot;:[],&quot;content_width&quot;:&quot;boxed&quot;}\" data-core-v316-plus=\"true\">\n\t\t\t\t\t<div class=\"e-con-inner\">\n\t\t\t\t<div class=\"elementor-element elementor-element-c2d19f5 elementor-widget elementor-widget-image-gallery\" data-id=\"c2d19f5\" data-element_type=\"widget\" data-widget_type=\"image-gallery.default\">\n\t\t\t\t<div class=\"elementor-widget-container\">\n\t\t\t<style>\/*! elementor - v3.19.0 - 29-01-2024 *\/\n.elementor-image-gallery .gallery-item{display:inline-block;text-align:center;vertical-align:top;width:100%;max-width:100%;margin:0 auto}.elementor-image-gallery .gallery-item img{margin:0 auto}.elementor-image-gallery .gallery-item .gallery-caption{margin:0}.elementor-image-gallery figure img{display:block}.elementor-image-gallery figure figcaption{width:100%}.gallery-spacing-custom .elementor-image-gallery .gallery-icon{padding:0}@media (min-width:768px){.elementor-image-gallery .gallery-columns-2 .gallery-item{max-width:50%}.elementor-image-gallery .gallery-columns-3 .gallery-item{max-width:33.33%}.elementor-image-gallery .gallery-columns-4 .gallery-item{max-width:25%}.elementor-image-gallery .gallery-columns-5 .gallery-item{max-width:20%}.elementor-image-gallery .gallery-columns-6 .gallery-item{max-width:16.666%}.elementor-image-gallery .gallery-columns-7 .gallery-item{max-width:14.28%}.elementor-image-gallery .gallery-columns-8 .gallery-item{max-width:12.5%}.elementor-image-gallery .gallery-columns-9 .gallery-item{max-width:11.11%}.elementor-image-gallery .gallery-columns-10 .gallery-item{max-width:10%}}@media (min-width:480px) and (max-width:767px){.elementor-image-gallery .gallery.gallery-columns-2 .gallery-item,.elementor-image-gallery .gallery.gallery-columns-3 .gallery-item,.elementor-image-gallery .gallery.gallery-columns-4 .gallery-item,.elementor-image-gallery .gallery.gallery-columns-5 .gallery-item,.elementor-image-gallery .gallery.gallery-columns-6 .gallery-item,.elementor-image-gallery .gallery.gallery-columns-7 .gallery-item,.elementor-image-gallery .gallery.gallery-columns-8 .gallery-item,.elementor-image-gallery .gallery.gallery-columns-9 .gallery-item,.elementor-image-gallery .gallery.gallery-columns-10 .gallery-item{max-width:50%}}@media (max-width:479px){.elementor-image-gallery .gallery.gallery-columns-2 .gallery-item,.elementor-image-gallery .gallery.gallery-columns-3 .gallery-item,.elementor-image-gallery .gallery.gallery-columns-4 .gallery-item,.elementor-image-gallery .gallery.gallery-columns-5 .gallery-item,.elementor-image-gallery .gallery.gallery-columns-6 .gallery-item,.elementor-image-gallery .gallery.gallery-columns-7 .gallery-item,.elementor-image-gallery .gallery.gallery-columns-8 .gallery-item,.elementor-image-gallery .gallery.gallery-columns-9 .gallery-item,.elementor-image-gallery .gallery.gallery-columns-10 .gallery-item{max-width:100%}}<\/style>\t\t<div class=\"elementor-image-gallery\">\n\t\t\t<div id='gallery-1' class='gallery galleryid-60 gallery-columns-4 gallery-size-ImageSize500x500'><figure class='gallery-item'>\n\t\t\t<div class='gallery-icon landscape'>\n\t\t\t\t<a data-elementor-open-lightbox=\"yes\" data-elementor-lightbox-slideshow=\"c2d19f5\" data-elementor-lightbox-title=\"20211130_111117\" data-e-action-hash=\"#elementor-action%3Aaction%3Dlightbox%26settings%3DeyJpZCI6Mjg5LCJ1cmwiOiJodHRwczpcL1wvbWFybW9sZXN5Z3Jhbml0b3NjZW5jZXJyYS5jb21cL3dwLWNvbnRlbnRcL3VwbG9hZHNcLzIwMjRcLzAyXC8yMDIxMTEzMF8xMTExMTcuanBnIiwic2xpZGVzaG93IjoiYzJkMTlmNSJ9\" href='https:\/\/marmolesygranitoscencerra.com\/wp-content\/uploads\/2024\/02\/20211130_111117.jpg'><img fetchpriority=\"high\" decoding=\"async\" width=\"500\" height=\"331\" src=\"https:\/\/marmolesygranitoscencerra.com\/wp-content\/uploads\/2024\/02\/20211130_111117-500x331.jpg\" class=\"attachment-Image Size 500x500 size-Image Size 500x500\" alt=\"\" \/><\/a>\n\t\t\t<\/div><\/figure><figure class='gallery-item'>\n\t\t\t<div class='gallery-icon landscape'>\n\t\t\t\t<a data-elementor-open-lightbox=\"yes\" data-elementor-lightbox-slideshow=\"c2d19f5\" data-elementor-lightbox-title=\"20211126_135540\" data-e-action-hash=\"#elementor-action%3Aaction%3Dlightbox%26settings%3DeyJpZCI6Mjg4LCJ1cmwiOiJodHRwczpcL1wvbWFybW9sZXN5Z3Jhbml0b3NjZW5jZXJyYS5jb21cL3dwLWNvbnRlbnRcL3VwbG9hZHNcLzIwMjRcLzAyXC8yMDIxMTEyNl8xMzU1NDAuanBnIiwic2xpZGVzaG93IjoiYzJkMTlmNSJ9\" href='https:\/\/marmolesygranitoscencerra.com\/wp-content\/uploads\/2024\/02\/20211126_135540.jpg'><img decoding=\"async\" width=\"500\" height=\"331\" src=\"https:\/\/marmolesygranitoscencerra.com\/wp-content\/uploads\/2024\/02\/20211126_135540-500x331.jpg\" class=\"attachment-Image Size 500x500 size-Image Size 500x500\" alt=\"\" \/><\/a>\n\t\t\t<\/div><\/figure><figure class='gallery-item'>\n\t\t\t<div class='gallery-icon landscape'>\n\t\t\t\t<a data-elementor-open-lightbox=\"yes\" data-elementor-lightbox-slideshow=\"c2d19f5\" data-elementor-lightbox-title=\"20210712_131949\" data-e-action-hash=\"#elementor-action%3Aaction%3Dlightbox%26settings%3DeyJpZCI6MzEyLCJ1cmwiOiJodHRwczpcL1wvbWFybW9sZXN5Z3Jhbml0b3NjZW5jZXJyYS5jb21cL3dwLWNvbnRlbnRcL3VwbG9hZHNcLzIwMjRcLzAyXC8yMDIxMDcxMl8xMzE5NDkuanBnIiwic2xpZGVzaG93IjoiYzJkMTlmNSJ9\" href='https:\/\/marmolesygranitoscencerra.com\/wp-content\/uploads\/2024\/02\/20210712_131949.jpg'><img decoding=\"async\" width=\"500\" height=\"331\" src=\"https:\/\/marmolesygranitoscencerra.com\/wp-content\/uploads\/2024\/02\/20210712_131949-500x331.jpg\" class=\"attachment-Image Size 500x500 size-Image Size 500x500\" alt=\"\" \/><\/a>\n\t\t\t<\/div><\/figure><figure class='gallery-item'>\n\t\t\t<div class='gallery-icon landscape'>\n\t\t\t\t<a data-elementor-open-lightbox=\"yes\" data-elementor-lightbox-slideshow=\"c2d19f5\" data-elementor-lightbox-title=\"20220124_090843\" data-e-action-hash=\"#elementor-action%3Aaction%3Dlightbox%26settings%3DeyJpZCI6MzE0LCJ1cmwiOiJodHRwczpcL1wvbWFybW9sZXN5Z3Jhbml0b3NjZW5jZXJyYS5jb21cL3dwLWNvbnRlbnRcL3VwbG9hZHNcLzIwMjRcLzAyXC8yMDIyMDEyNF8wOTA4NDMuanBnIiwic2xpZGVzaG93IjoiYzJkMTlmNSJ9\" href='https:\/\/marmolesygranitoscencerra.com\/wp-content\/uploads\/2024\/02\/20220124_090843.jpg'><img loading=\"lazy\" decoding=\"async\" width=\"500\" height=\"331\" src=\"https:\/\/marmolesygranitoscencerra.com\/wp-content\/uploads\/2024\/02\/20220124_090843-500x331.jpg\" class=\"attachment-Image Size 500x500 size-Image Size 500x500\" alt=\"\" \/><\/a>\n\t\t\t<\/div><\/figure><figure class='gallery-item'>\n\t\t\t<div class='gallery-icon portrait'>\n\t\t\t\t<a data-elementor-open-lightbox=\"yes\" data-elementor-lightbox-slideshow=\"c2d19f5\" data-elementor-lightbox-title=\"IMG-20210616-WA0000\" data-e-action-hash=\"#elementor-action%3Aaction%3Dlightbox%26settings%3DeyJpZCI6Mjg2LCJ1cmwiOiJodHRwczpcL1wvbWFybW9sZXN5Z3Jhbml0b3NjZW5jZXJyYS5jb21cL3dwLWNvbnRlbnRcL3VwbG9hZHNcLzIwMjRcLzAyXC9JTUctMjAyMTA2MTYtV0EwMDAwLmpwZyIsInNsaWRlc2hvdyI6ImMyZDE5ZjUifQ%3D%3D\" href='https:\/\/marmolesygranitoscencerra.com\/wp-content\/uploads\/2024\/02\/IMG-20210616-WA0000.jpg'><img loading=\"lazy\" decoding=\"async\" width=\"365\" height=\"500\" src=\"https:\/\/marmolesygranitoscencerra.com\/wp-content\/uploads\/2024\/02\/IMG-20210616-WA0000-365x500.jpg\" class=\"attachment-Image Size 500x500 size-Image Size 500x500\" alt=\"\" \/><\/a>\n\t\t\t<\/div><\/figure><figure class='gallery-item'>\n\t\t\t<div class='gallery-icon landscape'>\n\t\t\t\t<a data-elementor-open-lightbox=\"yes\" data-elementor-lightbox-slideshow=\"c2d19f5\" data-elementor-lightbox-title=\"IMG-20210521-WA0004\" data-e-action-hash=\"#elementor-action%3Aaction%3Dlightbox%26settings%3DeyJpZCI6Mjg1LCJ1cmwiOiJodHRwczpcL1wvbWFybW9sZXN5Z3Jhbml0b3NjZW5jZXJyYS5jb21cL3dwLWNvbnRlbnRcL3VwbG9hZHNcLzIwMjRcLzAyXC9JTUctMjAyMTA1MjEtV0EwMDA0LmpwZyIsInNsaWRlc2hvdyI6ImMyZDE5ZjUifQ%3D%3D\" href='https:\/\/marmolesygranitoscencerra.com\/wp-content\/uploads\/2024\/02\/IMG-20210521-WA0004.jpg'><img loading=\"lazy\" decoding=\"async\" width=\"500\" height=\"500\" src=\"https:\/\/marmolesygranitoscencerra.com\/wp-content\/uploads\/2024\/02\/IMG-20210521-WA0004-500x500.jpg\" class=\"attachment-Image Size 500x500 size-Image Size 500x500\" alt=\"\" srcset=\"https:\/\/marmolesygranitoscencerra.com\/wp-content\/uploads\/2024\/02\/IMG-20210521-WA0004-500x500.jpg 500w, https:\/\/marmolesygranitoscencerra.com\/wp-content\/uploads\/2024\/02\/IMG-20210521-WA0004-150x150.jpg 150w\" sizes=\"(max-width: 500px) 100vw, 500px\" \/><\/a>\n\t\t\t<\/div><\/figure><figure class='gallery-item'>\n\t\t\t<div class='gallery-icon landscape'>\n\t\t\t\t<a data-elementor-open-lightbox=\"yes\" data-elementor-lightbox-slideshow=\"c2d19f5\" data-elementor-lightbox-title=\"IMG-20210401-WA0007\" data-e-action-hash=\"#elementor-action%3Aaction%3Dlightbox%26settings%3DeyJpZCI6MzEzLCJ1cmwiOiJodHRwczpcL1wvbWFybW9sZXN5Z3Jhbml0b3NjZW5jZXJyYS5jb21cL3dwLWNvbnRlbnRcL3VwbG9hZHNcLzIwMjRcLzAyXC9JTUctMjAyMTA0MDEtV0EwMDA3LmpwZyIsInNsaWRlc2hvdyI6ImMyZDE5ZjUifQ%3D%3D\" href='https:\/\/marmolesygranitoscencerra.com\/wp-content\/uploads\/2024\/02\/IMG-20210401-WA0007.jpg'><img loading=\"lazy\" decoding=\"async\" width=\"500\" height=\"500\" src=\"https:\/\/marmolesygranitoscencerra.com\/wp-content\/uploads\/2024\/02\/IMG-20210401-WA0007-500x500.jpg\" class=\"attachment-Image Size 500x500 size-Image Size 500x500\" alt=\"\" srcset=\"https:\/\/marmolesygranitoscencerra.com\/wp-content\/uploads\/2024\/02\/IMG-20210401-WA0007-500x500.jpg 500w, https:\/\/marmolesygranitoscencerra.com\/wp-content\/uploads\/2024\/02\/IMG-20210401-WA0007-150x150.jpg 150w\" sizes=\"(max-width: 500px) 100vw, 500px\" \/><\/a>\n\t\t\t<\/div><\/figure><figure class='gallery-item'>\n\t\t\t<div class='gallery-icon portrait'>\n\t\t\t\t<a data-elementor-open-lightbox=\"yes\" data-elementor-lightbox-slideshow=\"c2d19f5\" data-elementor-lightbox-title=\"IMG-20210518-WA0005\" data-e-action-hash=\"#elementor-action%3Aaction%3Dlightbox%26settings%3DeyJpZCI6MzE1LCJ1cmwiOiJodHRwczpcL1wvbWFybW9sZXN5Z3Jhbml0b3NjZW5jZXJyYS5jb21cL3dwLWNvbnRlbnRcL3VwbG9hZHNcLzIwMjRcLzAyXC9JTUctMjAyMTA1MTgtV0EwMDA1LmpwZyIsInNsaWRlc2hvdyI6ImMyZDE5ZjUifQ%3D%3D\" href='https:\/\/marmolesygranitoscencerra.com\/wp-content\/uploads\/2024\/02\/IMG-20210518-WA0005.jpg'><img loading=\"lazy\" decoding=\"async\" width=\"382\" height=\"500\" src=\"https:\/\/marmolesygranitoscencerra.com\/wp-content\/uploads\/2024\/02\/IMG-20210518-WA0005-382x500.jpg\" class=\"attachment-Image Size 500x500 size-Image Size 500x500\" alt=\"\" \/><\/a>\n\t\t\t<\/div><\/figure>\n\t\t<\/div>\n\t\t<\/div>\n\t\t\t\t<\/div>\n\t\t\t\t<\/div>\n\t\t\t\t\t<\/div>\n\t\t\t\t<\/div>\n\t\t\t\t<\/div>","protected":false},"excerpt":{"rendered":"<p>Sobre Nosotros En el coraz\u00f3n de \u00c9cija, Sevilla, nace nuestra pasi\u00f3n por transformar hogares en espacios atemporales con la belleza del m\u00e1rmol. Desde nuestros inicios, nos hemos dedicado a la creaci\u00f3n de encimeras, ba\u00f1os y m\u00e1s, fusionando la rica tradici\u00f3n artesanal del m\u00e1rmol con las \u00faltimas tendencias en dise\u00f1o. Nuestra empresa se erige como un [&hellip;]<\/p>","protected":false},"author":1,"featured_media":0,"parent":0,"menu_order":0,"comment_status":"closed","ping_status":"closed","template":"full-width.php","meta":{"footnotes":""},"class_list":["post-60","page","type-page","status-publish","hentry"],"acf":[],"yoast_head":"<!-- This site is optimized with the Yoast SEO plugin v21.9.1 - https:\/\/yoast.com\/wordpress\/plugins\/seo\/ -->\n<title>Sobre Nosotros - Marmoles y Granitos Cencerra<\/title>\n<meta name=\"description\" content=\"Somos expertos en m\u00e1rmol en \u00c9cija, Sevilla. Fusionamos tradici\u00f3n artesanal con innovaci\u00f3n para crear espacios excepcionales.\" \/>\n<meta name=\"robots\" content=\"index, follow, max-snippet:-1, max-image-preview:large, max-video-preview:-1\" \/>\n<link rel=\"canonical\" href=\"https:\/\/marmolesygranitoscencerra.com\/en\/sobre-nosotros\/\" \/>\n<meta property=\"og:locale\" content=\"en_GB\" \/>\n<meta property=\"og:type\" content=\"article\" \/>\n<meta property=\"og:title\" content=\"Sobre Nosotros - Marmoles y Granitos Cencerra\" \/>\n<meta property=\"og:description\" content=\"Somos expertos en m\u00e1rmol en \u00c9cija, Sevilla. Fusionamos tradici\u00f3n artesanal con innovaci\u00f3n para crear espacios excepcionales.\" \/>\n<meta property=\"og:url\" content=\"https:\/\/marmolesygranitoscencerra.com\/en\/sobre-nosotros\/\" \/>\n<meta property=\"og:site_name\" content=\"Marmoles y Granitos Cencerra\" \/>\n<meta property=\"article:modified_time\" content=\"2024-02-06T08:18:30+00:00\" \/>\n<meta property=\"og:image\" content=\"https:\/\/marmolesygranitoscencerra.com\/wp-content\/uploads\/2024\/02\/20211130_111117-500x331.jpg\" \/>\n<meta name=\"twitter:card\" content=\"summary_large_image\" \/>\n<meta name=\"twitter:label1\" content=\"Estimated reading time\" \/>\n\t<meta name=\"twitter:data1\" content=\"4 minutes\" \/>\n<script type=\"application\/ld+json\" class=\"yoast-schema-graph\">{\"@context\":\"https:\/\/schema.org\",\"@graph\":[{\"@type\":\"WebPage\",\"@id\":\"https:\/\/marmolesygranitoscencerra.com\/sobre-nosotros\/\",\"url\":\"https:\/\/marmolesygranitoscencerra.com\/sobre-nosotros\/\",\"name\":\"Sobre Nosotros - Marmoles y Granitos Cencerra\",\"isPartOf\":{\"@id\":\"https:\/\/marmolesygranitoscencerra.com\/#website\"},\"datePublished\":\"2020-11-01T20:28:59+00:00\",\"dateModified\":\"2024-02-06T08:18:30+00:00\",\"description\":\"Somos expertos en m\u00e1rmol en \u00c9cija, Sevilla. Fusionamos tradici\u00f3n artesanal con innovaci\u00f3n para crear espacios excepcionales.\",\"breadcrumb\":{\"@id\":\"https:\/\/marmolesygranitoscencerra.com\/sobre-nosotros\/#breadcrumb\"},\"inLanguage\":\"en-GB\",\"potentialAction\":[{\"@type\":\"ReadAction\",\"target\":[\"https:\/\/marmolesygranitoscencerra.com\/sobre-nosotros\/\"]}]},{\"@type\":\"BreadcrumbList\",\"@id\":\"https:\/\/marmolesygranitoscencerra.com\/sobre-nosotros\/#breadcrumb\",\"itemListElement\":[{\"@type\":\"ListItem\",\"position\":1,\"name\":\"Home\",\"item\":\"https:\/\/marmolesygranitoscencerra.com\/\"},{\"@type\":\"ListItem\",\"position\":2,\"name\":\"Sobre Nosotros\"}]},{\"@type\":\"WebSite\",\"@id\":\"https:\/\/marmolesygranitoscencerra.com\/#website\",\"url\":\"https:\/\/marmolesygranitoscencerra.com\/\",\"name\":\"Marmoles y Granitos Cencerra\",\"description\":\"\",\"potentialAction\":[{\"@type\":\"SearchAction\",\"target\":{\"@type\":\"EntryPoint\",\"urlTemplate\":\"https:\/\/marmolesygranitoscencerra.com\/?s={search_term_string}\"},\"query-input\":\"required name=search_term_string\"}],\"inLanguage\":\"en-GB\"}]}<\/script>\n<!-- \/ Yoast SEO plugin. -->","yoast_head_json":{"title":"Sobre Nosotros - Marmoles y Granitos Cencerra","description":"Somos expertos en m\u00e1rmol en \u00c9cija, Sevilla. Fusionamos tradici\u00f3n artesanal con innovaci\u00f3n para crear espacios excepcionales.","robots":{"index":"index","follow":"follow","max-snippet":"max-snippet:-1","max-image-preview":"max-image-preview:large","max-video-preview":"max-video-preview:-1"},"canonical":"https:\/\/marmolesygranitoscencerra.com\/en\/sobre-nosotros\/","og_locale":"en_GB","og_type":"article","og_title":"Sobre Nosotros - Marmoles y Granitos Cencerra","og_description":"Somos expertos en m\u00e1rmol en \u00c9cija, Sevilla. Fusionamos tradici\u00f3n artesanal con innovaci\u00f3n para crear espacios excepcionales.","og_url":"https:\/\/marmolesygranitoscencerra.com\/en\/sobre-nosotros\/","og_site_name":"Marmoles y Granitos Cencerra","article_modified_time":"2024-02-06T08:18:30+00:00","og_image":[{"url":"https:\/\/marmolesygranitoscencerra.com\/wp-content\/uploads\/2024\/02\/20211130_111117-500x331.jpg"}],"twitter_card":"summary_large_image","twitter_misc":{"Estimated reading time":"4 minutes"},"schema":{"@context":"https:\/\/schema.org","@graph":[{"@type":"WebPage","@id":"https:\/\/marmolesygranitoscencerra.com\/sobre-nosotros\/","url":"https:\/\/marmolesygranitoscencerra.com\/sobre-nosotros\/","name":"Sobre Nosotros - Marmoles y Granitos Cencerra","isPartOf":{"@id":"https:\/\/marmolesygranitoscencerra.com\/#website"},"datePublished":"2020-11-01T20:28:59+00:00","dateModified":"2024-02-06T08:18:30+00:00","description":"Somos expertos en m\u00e1rmol en \u00c9cija, Sevilla. Fusionamos tradici\u00f3n artesanal con innovaci\u00f3n para crear espacios excepcionales.","breadcrumb":{"@id":"https:\/\/marmolesygranitoscencerra.com\/sobre-nosotros\/#breadcrumb"},"inLanguage":"en-GB","potentialAction":[{"@type":"ReadAction","target":["https:\/\/marmolesygranitoscencerra.com\/sobre-nosotros\/"]}]},{"@type":"BreadcrumbList","@id":"https:\/\/marmolesygranitoscencerra.com\/sobre-nosotros\/#breadcrumb","itemListElement":[{"@type":"ListItem","position":1,"name":"Home","item":"https:\/\/marmolesygranitoscencerra.com\/"},{"@type":"ListItem","position":2,"name":"Sobre Nosotros"}]},{"@type":"WebSite","@id":"https:\/\/marmolesygranitoscencerra.com\/#website","url":"https:\/\/marmolesygranitoscencerra.com\/","name":"Marmoles y Granitos Cencerra","description":"","potentialAction":[{"@type":"SearchAction","target":{"@type":"EntryPoint","urlTemplate":"https:\/\/marmolesygranitoscencerra.com\/?s={search_term_string}"},"query-input":"required name=search_term_string"}],"inLanguage":"en-GB"}]}},"_links":{"self":[{"href":"https:\/\/marmolesygranitoscencerra.com\/en\/wp-json\/wp\/v2\/pages\/60","targetHints":{"allow":["GET"]}}],"collection":[{"href":"https:\/\/marmolesygranitoscencerra.com\/en\/wp-json\/wp\/v2\/pages"}],"about":[{"href":"https:\/\/marmolesygranitoscencerra.com\/en\/wp-json\/wp\/v2\/types\/page"}],"author":[{"embeddable":true,"href":"https:\/\/marmolesygranitoscencerra.com\/en\/wp-json\/wp\/v2\/users\/1"}],"replies":[{"embeddable":true,"href":"https:\/\/marmolesygranitoscencerra.com\/en\/wp-json\/wp\/v2\/comments?post=60"}],"version-history":[{"count":4,"href":"https:\/\/marmolesygranitoscencerra.com\/en\/wp-json\/wp\/v2\/pages\/60\/revisions"}],"predecessor-version":[{"id":323,"href":"https:\/\/marmolesygranitoscencerra.com\/en\/wp-json\/wp\/v2\/pages\/60\/revisions\/323"}],"wp:attachment":[{"href":"https:\/\/marmolesygranitoscencerra.com\/en\/wp-json\/wp\/v2\/media?parent=60"}],"curies":[{"name":"wp","href":"https:\/\/api.w.org\/{rel}","templated":true}]}}